{"id":2046,"date":"2025-06-13T13:32:42","date_gmt":"2025-06-13T13:32:42","guid":{"rendered":"https:\/\/sklep.vizacademy.pl\/?post_type=product&#038;p=2046"},"modified":"2026-03-31T11:05:41","modified_gmt":"2026-03-31T11:05:41","slug":"archdesign-collection-enscape-edition-named-license","status":"publish","type":"product","link":"https:\/\/sklep.vizacademy.pl\/en\/product\/archdesign-collection-enscape-edition-named-license\/","title":{"rendered":"ArchDesign Collection: Enscape edition \u2013 Named license &#8211; 1 year"},"content":{"rendered":"<p><img fetchpriority=\"high\" decoding=\"async\" class=\"aligncenter wp-image-2035 size-full\" src=\"https:\/\/sklep.vizacademy.pl\/wp-content\/uploads\/2025\/05\/enscpae.jpg\" alt=\"\" width=\"1600\" height=\"400\" srcset=\"https:\/\/sklep.vizacademy.pl\/wp-content\/uploads\/2025\/05\/enscpae.jpg 1600w, https:\/\/sklep.vizacademy.pl\/wp-content\/uploads\/2025\/05\/enscpae-300x75.jpg 300w, https:\/\/sklep.vizacademy.pl\/wp-content\/uploads\/2025\/05\/enscpae-1024x256.jpg 1024w, https:\/\/sklep.vizacademy.pl\/wp-content\/uploads\/2025\/05\/enscpae-768x192.jpg 768w, https:\/\/sklep.vizacademy.pl\/wp-content\/uploads\/2025\/05\/enscpae-1536x384.jpg 1536w, https:\/\/sklep.vizacademy.pl\/wp-content\/uploads\/2025\/05\/enscpae-1000x250.jpg 1000w, https:\/\/sklep.vizacademy.pl\/wp-content\/uploads\/2025\/05\/enscpae-230x58.jpg 230w, https:\/\/sklep.vizacademy.pl\/wp-content\/uploads\/2025\/05\/enscpae-350x88.jpg 350w, https:\/\/sklep.vizacademy.pl\/wp-content\/uploads\/2025\/05\/enscpae-480x120.jpg 480w, https:\/\/sklep.vizacademy.pl\/wp-content\/uploads\/2025\/05\/enscpae-800x200.jpg 800w\" sizes=\"(max-width: 1600px) 100vw, 1600px\" \/><\/p>\n<h2><b>ArchDesign Collection<\/b><\/h2>\n<p><span style=\"font-weight: 400;\">ArchDesign Collection is a comprehensive package of AI and real-time tools that streamlines the entire design process \u2013 from the first sketches to interactive presentations \u2013 delivering intelligent support and efficient collaboration in the cloud.<\/span><\/p>\n<h3><b>Key Features<\/b><\/h3>\n<ul>\n<li style=\"font-weight: 400;\" aria-level=\"1\"><span style=\"font-weight: 400;\">Created with architects and designers in mind, simplifying work at every stage of the project.<\/span><span style=\"font-weight: 400;\"><br \/>\n<\/span><\/li>\n<li style=\"font-weight: 400;\" aria-level=\"1\"><span style=\"font-weight: 400;\">Smarter design decisions powered by AI for generating alternatives and enhancing visualizations.<\/span><span style=\"font-weight: 400;\"><br \/>\n<\/span><\/li>\n<li style=\"font-weight: 400;\" aria-level=\"1\"><span style=\"font-weight: 400;\">Seamless integration and interoperability with leading CAD tools (Revit, SketchUp, Rhino, Archicad, Vectorworks).<\/span><span style=\"font-weight: 400;\"><br \/>\n<\/span><\/li>\n<li style=\"font-weight: 400;\" aria-level=\"1\"><span style=\"font-weight: 400;\">Cost optimization and scalability \u2013 one package instead of multiple separate licenses.<\/span><span style=\"font-weight: 400;\"><br \/>\n<\/span><\/li>\n<li style=\"font-weight: 400;\" aria-level=\"1\"><span style=\"font-weight: 400;\">Technical support and updates from a single provider \u2013 Chaos.<\/span><\/li>\n<\/ul>\n<h3><b>What\u2019s Included<\/b><\/h3>\n<ul>\n<li style=\"font-weight: 400;\" aria-level=\"1\"><b>Enscape<\/b><span style=\"font-weight: 400;\"> real-time rendering and VR plugin for Revit, SketchUp, Rhino, Archicad, and Vectorworks.<\/span><\/li>\n<li style=\"font-weight: 400;\" aria-level=\"1\"><b>Veras<\/b><span style=\"font-weight: 400;\"> - AI-powered rendering assistant, generating diverse design variations from prompts.<\/span><span style=\"font-weight: 400;\"><br \/>\n<\/span><b><\/b><\/li>\n<li style=\"font-weight: 400;\" aria-level=\"1\"><b>AI Enhancer<\/b><span style=\"font-weight: 400;\"> - tool for intelligent image upscaling and automatic detail improvements.<\/span><span style=\"font-weight: 400;\"><br \/>\n<\/span><b><\/b><\/li>\n<li style=\"font-weight: 400;\" aria-level=\"1\"><b>Envision<\/b><span style=\"font-weight: 400;\"> - platform for advanced 3D animation, crowd simulation, and cloud-based project reviews.<\/span><span style=\"font-weight: 400;\"><br \/>\n<\/span><b><\/b><\/li>\n<li style=\"font-weight: 400;\" aria-level=\"1\"><b>Impact<\/b><span style=\"font-weight: 400;\"> - tool for real-time building performance analysis (energy efficiency, thermal comfort, daylighting).<\/span><\/li>\n<\/ul>\n<p>&nbsp;<\/p>","protected":false},"excerpt":{"rendered":"<p>ArchDesign Collection ArchDesign Collection to kompleksowy pakiet narz\u0119dzi AI i real-time, kt\u00f3ry usprawnia ca\u0142y proces projektowy \u2013 od pierwszych szkic\u00f3w po interaktywne [&hellip;]<\/p>\n","protected":false},"featured_media":2036,"template":"","meta":[],"product_brand":[],"product_cat":[46],"product_tag":[],"class_list":{"0":"post-2046","1":"product","2":"type-product","3":"status-publish","4":"has-post-thumbnail","6":"product_cat-enscape","8":"first","9":"instock","10":"virtual","11":"taxable","12":"purchasable","13":"product-type-simple"},"_links":{"self":[{"href":"https:\/\/sklep.vizacademy.pl\/en\/wp-json\/wp\/v2\/product\/2046","targetHints":{"allow":["GET"]}}],"collection":[{"href":"https:\/\/sklep.vizacademy.pl\/en\/wp-json\/wp\/v2\/product"}],"about":[{"href":"https:\/\/sklep.vizacademy.pl\/en\/wp-json\/wp\/v2\/types\/product"}],"wp:featuredmedia":[{"embeddable":true,"href":"https:\/\/sklep.vizacademy.pl\/en\/wp-json\/wp\/v2\/media\/2036"}],"wp:attachment":[{"href":"https:\/\/sklep.vizacademy.pl\/en\/wp-json\/wp\/v2\/media?parent=2046"}],"wp:term":[{"taxonomy":"product_brand","embeddable":true,"href":"https:\/\/sklep.vizacademy.pl\/en\/wp-json\/wp\/v2\/product_brand?post=2046"},{"taxonomy":"product_cat","embeddable":true,"href":"https:\/\/sklep.vizacademy.pl\/en\/wp-json\/wp\/v2\/product_cat?post=2046"},{"taxonomy":"product_tag","embeddable":true,"href":"https:\/\/sklep.vizacademy.pl\/en\/wp-json\/wp\/v2\/product_tag?post=2046"}],"curies":[{"name":"wp","href":"https:\/\/api.w.org\/{rel}","templated":true}]}}