{"id":1692,"date":"2025-02-10T20:26:03","date_gmt":"2025-02-10T20:26:03","guid":{"rendered":"https:\/\/sklep.vizacademy.pl\/?post_type=product&#038;p=1692"},"modified":"2026-03-31T11:04:40","modified_gmt":"2026-03-31T11:04:40","slug":"enscape-premium-1-rok","status":"publish","type":"product","link":"https:\/\/sklep.vizacademy.pl\/en\/product\/enscape-premium-1-rok\/","title":{"rendered":"Enscape Premium \u2013 1 year \u2013 Floating license"},"content":{"rendered":"<p><!-- G\u00f3rna sekcja \"Chaos V-ray\" --><\/p>\n<div style=\"background-color: #232323; padding: 30px 20px; text-align: center;\">\n<h1 style=\"color: white; font-size: 45px; margin: 0; exo_2: 'Exo_2', Exo_2;\">Enscape<\/h1>\n<h1 style=\"color: white; font-size: 30px; margin: 0; exo_2: 'Exo_2', Exo_2;\">Architectural Visualization in Real Time<\/h1>\n<\/div>\n<p><!-- Pierwsza cz\u0119\u015b\u0107 strony --><\/p>\n<h2 style=\"text-align: center; margin: 10px 0 2px;\">What is Enscape?<\/h2>\n<p><!-- Separator inspirowany grafik\u0105 z 3DViz Academy --><\/p>\n<style>\n  .separator {\n    display: flex;\n    align-items: center;\n    justify-content: center;\n    margin: 40px 0; \/* odst\u0119p od element\u00f3w powy\u017cej i poni\u017cej \u2013 dostosuj wed\u0142ug potrzeby *\/\n  }\n.separator .line {\n  flex: 1;\n  max-width: 100px; \/* ogranicza szeroko\u015b\u0107 linii *\/\n  border-top: 3px solid #000000; \/* linia \u2013 kolor i grubo\u015b\u0107 mo\u017cna zmieni\u0107 *\/\n  }\n  .separator .icon {\n    padding: 0 20px; \/* przerwa mi\u0119dzy liniami a ikon\u0105 *\/\n    display: flex;\n    align-items: center;\n    justify-content: center;\n  }\n  .separator .icon svg {\n    width: 30px;  \/* rozmiar strza\u0142ki \u2013 dostosuj wed\u0142ug potrzeby *\/\n    height: auto;\n  }\n<\/style>\n<div class=\"separator\">\n  <span class=\"line\"><\/span><br \/>\n  <span class=\"icon\"><br \/>\n    <svg viewbox=\"0 0 30 30\" xmlns=\"http:\/\/www.w3.org\/2000\/svg\">\n      <!-- Polyline tworzy prost\u0105 strza\u0142k\u0119 skierowan\u0105 w d\u00f3\u0142; je\u015bli trzeba, zmie\u0144 wsp\u00f3\u0142rz\u0119dne -->\n      <polyline points=\"5,10 15,20 25,10\" fill=\"none\" stroke=\"#e31b23\" stroke-width=\"2\"\/>\n    <\/svg><br \/>\n  <\/span><br \/>\n  <span class=\"line\"><\/span>\n<\/div>\n<p style=\"text-align: center;\">Enscape is a modern real-time rendering software that allows for instant generation of high-quality architectural visualizations. Its intuitive interface makes it easy to use for both professionals and students.<\/p>\n<p style=\"text-align: center;\"><iframe title=\"YouTube video player\" src=\"https:\/\/www.youtube.com\/embed\/s-aZeI0paB0\" width=\"560\" height=\"315\" frameborder=\"0\" allowfullscreen=\"allowfullscreen\"><\/iframe><\/p>\n<h2 style=\"text-align: center; margin: 10px 0 2px;\">What is Enscape Used For?<\/h2>\n<p><!-- Separator inspirowany grafik\u0105 z 3DViz Academy --><\/p>\n<style>\n  .separator {\n    display: flex;\n    align-items: center;\n    justify-content: center;\n    margin: 40px 0; \/* odst\u0119p od element\u00f3w powy\u017cej i poni\u017cej \u2013 dostosuj wed\u0142ug potrzeby *\/\n  }\n.separator .line {\n  flex: 1;\n  max-width: 100px; \/* ogranicza szeroko\u015b\u0107 linii *\/\n  border-top: 3px solid #000000; \/* linia \u2013 kolor i grubo\u015b\u0107 mo\u017cna zmieni\u0107 *\/\n  }\n  .separator .icon {\n    padding: 0 20px; \/* przerwa mi\u0119dzy liniami a ikon\u0105 *\/\n    display: flex;\n    align-items: center;\n    justify-content: center;\n  }\n  .separator .icon svg {\n    width: 30px;  \/* rozmiar strza\u0142ki \u2013 dostosuj wed\u0142ug potrzeby *\/\n    height: auto;\n  }\n<\/style>\n<div class=\"separator\">\n  <span class=\"line\"><\/span><br \/>\n  <span class=\"icon\"><br \/>\n    <svg viewbox=\"0 0 30 30\" xmlns=\"http:\/\/www.w3.org\/2000\/svg\">\n      <!-- Polyline tworzy prost\u0105 strza\u0142k\u0119 skierowan\u0105 w d\u00f3\u0142; je\u015bli trzeba, zmie\u0144 wsp\u00f3\u0142rz\u0119dne -->\n      <polyline points=\"5,10 15,20 25,10\" fill=\"none\" stroke=\"#e31b23\" stroke-width=\"2\"\/>\n    <\/svg><br \/>\n  <\/span><br \/>\n  <span class=\"line\"><\/span>\n<\/div>\n<ul>\n<li>Fast 3D project visualization rendering<\/li>\n<li>Creating interactive virtual walkthroughs to accurately present architectural concepts<\/li>\n<li>Real-time project presentations that improve communication between designers and clients<\/li>\n<li style=\"list-style-type: none;\"><\/li>\n<\/ul>\n<div style=\"background-color: #232323; padding: 30px 20px; text-align: center;\">\n<h1 style=\"color: white; font-size: 30px; margin: 0; exo_2: 'Exo_2', Exo_2;\">Compatibility with both Windows and macOS<\/h1>\n<\/div>\n<div style=\"  display: flex;  justify-content: center;  gap: 20px;             \/* odst\u0119p mi\u0119dzy prostok\u0105tami *\/  margin: 20px 0;\"><br \/>\n  <!-- Lewy prostok\u0105t --><\/p>\n<div style=\"    background-color: #dedede;    width: 250px;             height: 250px;            border-radius: 20px;    \/* zwi\u0119kszone odsuni\u0119cie od kraw\u0119dzi *\/    padding: 20px;            box-sizing: border-box;    font-family: Arial, sans-serif;      font-size: 16px;                   \"><br \/>\n    <strong>Windows:<\/strong><\/p>\n<ul style=\"      list-style: disc inside;      margin: 10px 0 0;      padding: 0;    \"><\/p>\n<li>Revit<\/li>\n<li>SketchUp<\/li>\n<li>Rhino<\/li>\n<li>Archicad<\/li>\n<li>VectorWorks<\/li>\n<\/ul><\/div>\n<p>  <!-- Prawy prostok\u0105t --><\/p>\n<div style=\"    background-color: #dedede;    width: 250px;    height: 250px;    border-radius: 20px;    \/* zwi\u0119kszone odsuni\u0119cie od kraw\u0119dzi *\/    padding: 20px;    box-sizing: border-box;    font-family: Arial, sans-serif;    font-size: 16px;  \"><br \/>\n    <strong>macOS:<\/strong><\/p>\n<ul style=\"      list-style: disc inside;      margin: 10px 0 0;      padding: 0;    \"><\/p>\n<li>SketchUp<\/li>\n<li>Rhino<\/li>\n<li>Archicad<\/li>\n<li>VectorWorks<\/li>\n<\/ul><\/div>\n<\/div>\n<p style=\"margin-top: 30px;\">\n<div style=\"background-color: #232323; padding: 30px 20px; text-align: center;\">\n<h1 style=\"color: white; font-size: 30px; margin: 0; exo_2: 'Exo_2', Exo_2;\">System Requirements<\/h1>\n<\/div>\n<div style=\"background-color: #dedede; padding: 20px;\">\n<p style=\"margin-top: 1px; font-weight: bold;\">Recommended:<\/p>\n<ul style=\"list-style: disc; margin: 0 0 0 40px; padding: 0;\">\n<li>High-performance Intel or AMD processor<\/li>\n<li>Graphics card supporting DirectX 11 (or newer) with dedicated VRAM<\/li>\n<li>Minimum 8 GB RAM (16 GB recommended for better performance)<\/li>\n<li>Windows 10 or newer operating system<\/li>\n<\/ul>","protected":false},"excerpt":{"rendered":"<p>Enscape Wizualizacja Architektoniczna w Czasie Rzeczywistym Czym jest Enscape? Enscape to nowoczesne oprogramowanie do renderingu w czasie rzeczywistym, kt\u00f3re umo\u017cliwia b\u0142yskawiczne generowanie [&hellip;]<\/p>\n","protected":false},"featured_media":1691,"template":"","meta":[],"product_brand":[],"product_cat":[46],"product_tag":[],"class_list":{"0":"post-1692","1":"product","2":"type-product","3":"status-publish","4":"has-post-thumbnail","6":"product_cat-enscape","8":"first","9":"instock","10":"featured","11":"virtual","12":"sold-individually","13":"taxable","14":"purchasable","15":"product-type-simple"},"_links":{"self":[{"href":"https:\/\/sklep.vizacademy.pl\/en\/wp-json\/wp\/v2\/product\/1692","targetHints":{"allow":["GET"]}}],"collection":[{"href":"https:\/\/sklep.vizacademy.pl\/en\/wp-json\/wp\/v2\/product"}],"about":[{"href":"https:\/\/sklep.vizacademy.pl\/en\/wp-json\/wp\/v2\/types\/product"}],"wp:featuredmedia":[{"embeddable":true,"href":"https:\/\/sklep.vizacademy.pl\/en\/wp-json\/wp\/v2\/media\/1691"}],"wp:attachment":[{"href":"https:\/\/sklep.vizacademy.pl\/en\/wp-json\/wp\/v2\/media?parent=1692"}],"wp:term":[{"taxonomy":"product_brand","embeddable":true,"href":"https:\/\/sklep.vizacademy.pl\/en\/wp-json\/wp\/v2\/product_brand?post=1692"},{"taxonomy":"product_cat","embeddable":true,"href":"https:\/\/sklep.vizacademy.pl\/en\/wp-json\/wp\/v2\/product_cat?post=1692"},{"taxonomy":"product_tag","embeddable":true,"href":"https:\/\/sklep.vizacademy.pl\/en\/wp-json\/wp\/v2\/product_tag?post=1692"}],"curies":[{"name":"wp","href":"https:\/\/api.w.org\/{rel}","templated":true}]}}